{"id":1656,"date":"2018-03-01T09:27:04","date_gmt":"2018-03-01T09:27:04","guid":{"rendered":"https:\/\/prowess.qodeinteractive.com\/elementor\/?page_id=1656"},"modified":"2025-11-11T13:42:48","modified_gmt":"2025-11-11T12:42:48","slug":"bmi-calculator","status":"publish","type":"page","link":"https:\/\/viinder.com\/es\/bmi-calculator\/","title":{"rendered":"Calculadora de IMC"},"content":{"rendered":"<div data-elementor-type=\"wp-page\" data-elementor-id=\"1656\" class=\"elementor elementor-1656\" data-elementor-post-type=\"page\">\n\t\t\t\t\t\t<section class=\"elementor-section elementor-top-section elementor-element elementor-element-b630f28 elementor-section-full_width qodef-elementor-row-grid-section elementor-section-height-default elementor-section-height-default qodef-parallax-row-no qodef-content-aligment-left qodef-disabled-bg-image-bellow-no\" data-id=\"b630f28\" data-element_type=\"section\" data-settings=\"{&quot;background_background&quot;:&quot;classic&quot;}\">\n\t\t\t\t\t\t<div class=\"elementor-container elementor-column-gap-default\">\n\t\t\t\t\t<div class=\"elementor-column elementor-col-100 elementor-top-column elementor-element elementor-element-24a1612\" data-id=\"24a1612\" data-element_type=\"column\">\n\t\t\t<div class=\"elementor-widget-wrap elementor-element-populated\">\n\t\t\t\t\t\t<div class=\"elementor-element elementor-element-1874a11 elementor-widget elementor-widget-prowess_bmi_calculator\" data-id=\"1874a11\" data-element_type=\"widget\" data-widget_type=\"prowess_bmi_calculator.default\">\n\t\t\t\t<div class=\"elementor-widget-container\">\n\t\t\t\t\t<div class=\"qodef-bmi-calculator-holder qodef-grid-row qodef-grid-large-gutter qodef-bmi-calculator-default\">\n\t\t\t<div class=\"qodef-bmic-table-holder qodef-grid-col-6\">\n\t\t\t\t\t\t\t<div class=\"qodef-section-title-holder\">\n\t\t\t\t\t<h3 class=\"qodef-section-title qodef-section-title-medium\">Tabla de c\u00e1lculo del IMC<\/h3>\n\t\t\t\t<\/div>\n\t\t\t\t\t\t<table>\n\t\t\t\t<thead>\n\t\t\t\t<tr>\n\t\t\t\t\t<th>BMI<\/th>\n\t\t\t\t\t<th>Weight Status<\/th>\n\t\t\t\t<\/tr>\n\t\t\t\t<\/thead>\n\t\t\t\t<tbody>\n\t\t\t\t<tr>\n\t\t\t\t\t<td>Below 18.5<\/td>\n\t\t\t\t\t<td>Underweight<\/td>\n\t\t\t\t<\/tr>\n\t\t\t\t<tr>\n\t\t\t\t\t<td>18.5 - 24.9<\/td>\n\t\t\t\t\t<td>Healthy<\/td>\n\t\t\t\t<\/tr>\n\t\t\t\t<tr>\n\t\t\t\t\t<td>25.0 - 29.9<\/td>\n\t\t\t\t\t<td>Overweight<\/td>\n\t\t\t\t<\/tr>\n\t\t\t\t<tr>\n\t\t\t\t\t<td>30.0 - and Above<\/td>\n\t\t\t\t\t<td>Obese<\/td>\n\t\t\t\t<\/tr>\n\t\t\t\t<\/tbody>\n\t\t\t<\/table>\n\t\t\t<div class=\"qodef-bmic-legend\">\n\t\t\t\t<span>\n\t\t\t\t<sup>*<\/sup> <span class=\"qodef-bmic-legend-bold\">BMR<\/span> Metabolic Rate \/ <span class=\"qodef-bmic-legend-bold\">BMI<\/span> Body Mass Index\t\t\t\t<\/span>\n\t\t\t<\/div>\n\t\t<\/div>\n\t\t<div class=\"qodef-bmic-form-holder qodef-grid-col-6\">\n\t\t\t\t\t<div class=\"qodef-section-title-holder\">\n\t\t\t\t<h3 class=\"qodef-section-title qodef-section-title-medium\">Calcula tu IMC<\/h3>\n\t\t\t<\/div>\n\t\t\t\t<div class=\"qodef-section-subtitle-holder\">\n\t\t\t<div class=\"qodef-section-subtitle\">\n\t\t\t\t<p>Conoce tu cuerpo, conoce tu camino. Usa nuestra calculadora de IMC para entender en qu\u00e9 punto est\u00e1s y comienza a construir tu mejor versi\u00f3n.<\/p>\n\t\t\t<\/div>\n\t\t<\/div>\n\t\t<form action=\"\/es\/POST\/\" class=\"qodef-bmic-form\" data-trp-original-action=\"POST\">\n\t\t\t<div class=\"qodef-grid-row qodef-grid-small-gutter\">\n\t\t\t\t<div class=\"qodef-grid-col-6\">\n\t\t\t\t\t<input type=\"text\" name=\"height\" placeholder=\"Height \/ cm\">\n\t\t\t\t<\/div>\n\t\t\t\t<div class=\"qodef-grid-col-6\">\n\t\t\t\t\t<input type=\"text\" name=\"weight\" placeholder=\"Weight \/ kg\">\n\t\t\t\t<\/div>\n                <div class=\"qodef-grid-col-6\">\n\t\t\t\t\t<input type=\"text\" name=\"age\" placeholder=\"Age\">\n\t\t\t\t<\/div>\n                <div class=\"qodef-grid-col-6\">\n\t\t\t\t\t<select class=\"qodef-bmi-select2\" name=\"sex\">\n\t\t\t\t\t\t<option value=\"\">Genero<\/option>\n\t\t\t\t\t\t<option value=\"male\">Masculino<\/option>\n\t\t\t\t\t\t<option value=\"female\">Femenino<\/option>\n\t\t\t\t\t<\/select>\n\t\t\t\t<\/div>\n                <div class=\"qodef-grid-col-12\">\n\t\t\t\t\t<select class=\"qodef-bmi-select2\" name=\"activity_level\">\n\t\t\t\t\t\t<option value=\"\">Seleccione un factor de actividad:<\/option>\n\t\t\t\t\t\t<option value=\"little\">Poco o ning\u00fan ejercicio\/trabajo de oficina<\/option>\n\t\t\t\t\t\t<option value=\"light\">Light exercise\/ sports 1 \u2013 3 days\/ week<\/option>\n\t\t\t\t\t\t<option value=\"moderate\">Ejercicio moderado, deportes de 3 a 5 d\u00edas por semana<\/option>\n\t\t\t\t\t\t<option value=\"heavy\">Ejercicio intenso\/deportes 6-7 d\u00edas\/semana<\/option>\n\t\t\t\t\t\t<option value=\"very_heavy\">Very heavy exercise\/ physical job\/ training 2 x\/ day<\/option>\n\t\t\t\t\t<\/select>\n\t\t\t\t<\/div>\n                <div class=\"qodef-grid-col-12\">\n                    <button type=\"submit\"  class=\"qodef-btn qodef-btn-small qodef-btn-solid qodef-btn-icon\"  >    <span class=\"qodef-btn-text\"><span class=\"qodef-btn-text-inner\">Calculate<\/span><\/span>    <span class=\"qodef-btn-text-inner qodef-btn-text-inner-icon\">    \t<i class=\"qodef-icon-ion-icon ion-arrow-right-c\" ><\/i>    \t<i class=\"qodef-icon-ion-icon ion-arrow-right-c\" ><\/i>\t    <\/span><\/button>\t\t\t\t<\/div>\n\t\t\t<\/div>\n\t\t<input type=\"hidden\" name=\"trp-form-language\" value=\"es\"\/><\/form>\n\t<\/div>\n\t<div class=\"qodef-grid-col-12\">\n\t\t<div class=\"qodef-bmic-notifications\">\n\t\t\t<span class=\"qodef-bmic-icon-holder\">\n\t\t\t\t<span><\/span>\n\t\t\t<\/span>\n\t\t\t<span class=\"qodef-bmic-notification-text\"><\/span>\n\t\t\t<a href=\"#\" class=\"qodef-bmic-notification-close\"><\/a>\n\t\t<\/div>\n\t<\/div>\n<\/div>\t\t\t\t<\/div>\n\t\t\t\t<\/div>\n\t\t\t\t\t<\/div>\n\t\t<\/div>\n\t\t\t\t\t<\/div>\n\t\t<\/section>\n\t\t\t\t<\/div>","protected":false},"excerpt":{"rendered":"<p>BMI Calculator Chart BMI Weight Status Below 18.5 Underweight 18.5 &#8211; 24.9 Healthy 25.0 &#8211; 29.9 Overweight 30.0 &#8211; and Above Obese * BMR Metabolic Rate \/ BMI Body Mass Index Calculate Your BMI Know your body, know your path. [&hellip;]<\/p>","protected":false},"author":1,"featured_media":0,"parent":0,"menu_order":0,"comment_status":"closed","ping_status":"closed","template":"full-width.php","meta":{"footnotes":""},"class_list":["post-1656","page","type-page","status-publish","hentry"],"_links":{"self":[{"href":"https:\/\/viinder.com\/es\/wp-json\/wp\/v2\/pages\/1656","targetHints":{"allow":["GET"]}}],"collection":[{"href":"https:\/\/viinder.com\/es\/wp-json\/wp\/v2\/pages"}],"about":[{"href":"https:\/\/viinder.com\/es\/wp-json\/wp\/v2\/types\/page"}],"author":[{"embeddable":true,"href":"https:\/\/viinder.com\/es\/wp-json\/wp\/v2\/users\/1"}],"replies":[{"embeddable":true,"href":"https:\/\/viinder.com\/es\/wp-json\/wp\/v2\/comments?post=1656"}],"version-history":[{"count":6,"href":"https:\/\/viinder.com\/es\/wp-json\/wp\/v2\/pages\/1656\/revisions"}],"predecessor-version":[{"id":7877,"href":"https:\/\/viinder.com\/es\/wp-json\/wp\/v2\/pages\/1656\/revisions\/7877"}],"wp:attachment":[{"href":"https:\/\/viinder.com\/es\/wp-json\/wp\/v2\/media?parent=1656"}],"curies":[{"name":"wp","href":"https:\/\/api.w.org\/{rel}","templated":true}]}}